{"id":20323,"date":"2025-02-16T13:19:07","date_gmt":"2025-02-16T12:19:07","guid":{"rendered":"https:\/\/www.newtree.com\/?page_id=20323"},"modified":"2025-02-24T09:14:18","modified_gmt":"2025-02-24T08:14:18","slug":"sustainable-coffee-solution-for-your-business","status":"publish","type":"page","link":"https:\/\/www.newtree.com\/en\/sustainable-coffee-solution-for-your-business\/","title":{"rendered":"The Ideal Sustainable Coffee Solution for Your Business"},"content":{"rendered":"","protected":false},"excerpt":{"rendered":"","protected":false},"author":1,"featured_media":20304,"parent":0,"menu_order":0,"comment_status":"closed","ping_status":"closed","template":"template-entreprises.php","meta":{"_acf_changed":false,"inline_featured_image":false,"footnotes":""},"class_list":["post-20323","page","type-page","status-publish","has-post-thumbnail","hentry"],"acf":[],"yoast_head":"<!-- This site is optimized with the Yoast SEO plugin v25.1 - https:\/\/yoast.com\/wordpress\/plugins\/seo\/ -->\n<title>Newtree, more than just coffee\u2014an engaged experience.<\/title>\n<meta name=\"description\" content=\"Join the businesses that have chosen exceptional, sustainable and responsible coffee! Request a free tasting today\" \/>\n<meta name=\"robots\" content=\"index, follow, max-snippet:-1, max-image-preview:large, max-video-preview:-1\" \/>\n<link rel=\"canonical\" href=\"https:\/\/www.newtree.com\/en\/sustainable-coffee-solution-for-your-business\/\" \/>\n<meta property=\"og:locale\" content=\"en_US\" \/>\n<meta property=\"og:type\" content=\"article\" \/>\n<meta property=\"og:title\" content=\"Newtree, more than just coffee\u2014an engaged experience.\" \/>\n<meta property=\"og:description\" content=\"Join the businesses that have chosen exceptional, sustainable and responsible coffee! Request a free tasting today\" \/>\n<meta property=\"og:url\" content=\"https:\/\/www.newtree.com\/en\/sustainable-coffee-solution-for-your-business\/\" \/>\n<meta property=\"og:site_name\" content=\"Newtree\" \/>\n<meta property=\"article:publisher\" content=\"https:\/\/www.facebook.com\/NEWTREE\" \/>\n<meta property=\"article:modified_time\" content=\"2025-02-24T08:14:18+00:00\" \/>\n<meta property=\"og:image\" content=\"https:\/\/www.newtree.com\/app\/uploads\/2025\/02\/cafe-durable-au-bureau-newtree2.png\" \/>\n\t<meta property=\"og:image:width\" content=\"800\" \/>\n\t<meta property=\"og:image:height\" content=\"397\" \/>\n\t<meta property=\"og:image:type\" content=\"image\/png\" \/>\n<meta name=\"twitter:card\" content=\"summary_large_image\" \/>\n<meta name=\"twitter:title\" content=\"Newtree, more than just coffee\u2014an engaged experience.\" \/>\n<meta name=\"twitter:description\" content=\"Join the businesses that have chosen exceptional, sustainable and responsible coffee! Request a free tasting today\" \/>\n<meta name=\"twitter:image\" content=\"https:\/\/www.newtree.com\/app\/uploads\/2025\/02\/cafe-durable-au-bureau-newtree2.png\" \/>\n<meta name=\"twitter:site\" content=\"@newtreechocolat\" \/>\n<script type=\"application\/ld+json\" class=\"yoast-schema-graph\">{\"@context\":\"https:\/\/schema.org\",\"@graph\":[{\"@type\":\"WebPage\",\"@id\":\"https:\/\/www.newtree.com\/en\/sustainable-coffee-solution-for-your-business\/\",\"url\":\"https:\/\/www.newtree.com\/en\/sustainable-coffee-solution-for-your-business\/\",\"name\":\"Newtree, more than just coffee\u2014an engaged experience.\",\"isPartOf\":{\"@id\":\"https:\/\/www.newtree.com\/#website\"},\"primaryImageOfPage\":{\"@id\":\"https:\/\/www.newtree.com\/en\/sustainable-coffee-solution-for-your-business\/#primaryimage\"},\"image\":{\"@id\":\"https:\/\/www.newtree.com\/en\/sustainable-coffee-solution-for-your-business\/#primaryimage\"},\"thumbnailUrl\":\"https:\/\/www.newtree.com\/app\/uploads\/2025\/02\/cafe-durable-au-bureau-newtree2.png\",\"datePublished\":\"2025-02-16T12:19:07+00:00\",\"dateModified\":\"2025-02-24T08:14:18+00:00\",\"description\":\"Join the businesses that have chosen exceptional, sustainable and responsible coffee! Request a free tasting today\",\"breadcrumb\":{\"@id\":\"https:\/\/www.newtree.com\/en\/sustainable-coffee-solution-for-your-business\/#breadcrumb\"},\"inLanguage\":\"en-US\",\"potentialAction\":[{\"@type\":\"ReadAction\",\"target\":[\"https:\/\/www.newtree.com\/en\/sustainable-coffee-solution-for-your-business\/\"]}]},{\"@type\":\"ImageObject\",\"inLanguage\":\"en-US\",\"@id\":\"https:\/\/www.newtree.com\/en\/sustainable-coffee-solution-for-your-business\/#primaryimage\",\"url\":\"https:\/\/www.newtree.com\/app\/uploads\/2025\/02\/cafe-durable-au-bureau-newtree2.png\",\"contentUrl\":\"https:\/\/www.newtree.com\/app\/uploads\/2025\/02\/cafe-durable-au-bureau-newtree2.png\",\"width\":800,\"height\":397,\"caption\":\"Machine \u00e0 caf\u00e9 - demandez votre d\u00e9monstration Newtree\"},{\"@type\":\"BreadcrumbList\",\"@id\":\"https:\/\/www.newtree.com\/en\/sustainable-coffee-solution-for-your-business\/#breadcrumb\",\"itemListElement\":[{\"@type\":\"ListItem\",\"position\":1,\"name\":\"Accueil\",\"item\":\"https:\/\/www.newtree.com\/en\/\"},{\"@type\":\"ListItem\",\"position\":2,\"name\":\"The Ideal Sustainable Coffee Solution for Your Business\"}]},{\"@type\":\"WebSite\",\"@id\":\"https:\/\/www.newtree.com\/#website\",\"url\":\"https:\/\/www.newtree.com\/\",\"name\":\"Newtree\",\"description\":\"Chocolat Belge, Bio, Fairtrade et Carbone Neutre\",\"potentialAction\":[{\"@type\":\"SearchAction\",\"target\":{\"@type\":\"EntryPoint\",\"urlTemplate\":\"https:\/\/www.newtree.com\/?s={search_term_string}\"},\"query-input\":{\"@type\":\"PropertyValueSpecification\",\"valueRequired\":true,\"valueName\":\"search_term_string\"}}],\"inLanguage\":\"en-US\"}]}<\/script>\n<!-- \/ Yoast SEO plugin. -->","yoast_head_json":{"title":"Newtree, more than just coffee\u2014an engaged experience.","description":"Join the businesses that have chosen exceptional, sustainable and responsible coffee! Request a free tasting today","robots":{"index":"index","follow":"follow","max-snippet":"max-snippet:-1","max-image-preview":"max-image-preview:large","max-video-preview":"max-video-preview:-1"},"canonical":"https:\/\/www.newtree.com\/en\/sustainable-coffee-solution-for-your-business\/","og_locale":"en_US","og_type":"article","og_title":"Newtree, more than just coffee\u2014an engaged experience.","og_description":"Join the businesses that have chosen exceptional, sustainable and responsible coffee! Request a free tasting today","og_url":"https:\/\/www.newtree.com\/en\/sustainable-coffee-solution-for-your-business\/","og_site_name":"Newtree","article_publisher":"https:\/\/www.facebook.com\/NEWTREE","article_modified_time":"2025-02-24T08:14:18+00:00","og_image":[{"width":800,"height":397,"url":"https:\/\/www.newtree.com\/app\/uploads\/2025\/02\/cafe-durable-au-bureau-newtree2.png","type":"image\/png"}],"twitter_card":"summary_large_image","twitter_title":"Newtree, more than just coffee\u2014an engaged experience.","twitter_description":"Join the businesses that have chosen exceptional, sustainable and responsible coffee! Request a free tasting today","twitter_image":"https:\/\/www.newtree.com\/app\/uploads\/2025\/02\/cafe-durable-au-bureau-newtree2.png","twitter_site":"@newtreechocolat","schema":{"@context":"https:\/\/schema.org","@graph":[{"@type":"WebPage","@id":"https:\/\/www.newtree.com\/en\/sustainable-coffee-solution-for-your-business\/","url":"https:\/\/www.newtree.com\/en\/sustainable-coffee-solution-for-your-business\/","name":"Newtree, more than just coffee\u2014an engaged experience.","isPartOf":{"@id":"https:\/\/www.newtree.com\/#website"},"primaryImageOfPage":{"@id":"https:\/\/www.newtree.com\/en\/sustainable-coffee-solution-for-your-business\/#primaryimage"},"image":{"@id":"https:\/\/www.newtree.com\/en\/sustainable-coffee-solution-for-your-business\/#primaryimage"},"thumbnailUrl":"https:\/\/www.newtree.com\/app\/uploads\/2025\/02\/cafe-durable-au-bureau-newtree2.png","datePublished":"2025-02-16T12:19:07+00:00","dateModified":"2025-02-24T08:14:18+00:00","description":"Join the businesses that have chosen exceptional, sustainable and responsible coffee! Request a free tasting today","breadcrumb":{"@id":"https:\/\/www.newtree.com\/en\/sustainable-coffee-solution-for-your-business\/#breadcrumb"},"inLanguage":"en-US","potentialAction":[{"@type":"ReadAction","target":["https:\/\/www.newtree.com\/en\/sustainable-coffee-solution-for-your-business\/"]}]},{"@type":"ImageObject","inLanguage":"en-US","@id":"https:\/\/www.newtree.com\/en\/sustainable-coffee-solution-for-your-business\/#primaryimage","url":"https:\/\/www.newtree.com\/app\/uploads\/2025\/02\/cafe-durable-au-bureau-newtree2.png","contentUrl":"https:\/\/www.newtree.com\/app\/uploads\/2025\/02\/cafe-durable-au-bureau-newtree2.png","width":800,"height":397,"caption":"Machine \u00e0 caf\u00e9 - demandez votre d\u00e9monstration Newtree"},{"@type":"BreadcrumbList","@id":"https:\/\/www.newtree.com\/en\/sustainable-coffee-solution-for-your-business\/#breadcrumb","itemListElement":[{"@type":"ListItem","position":1,"name":"Accueil","item":"https:\/\/www.newtree.com\/en\/"},{"@type":"ListItem","position":2,"name":"The Ideal Sustainable Coffee Solution for Your Business"}]},{"@type":"WebSite","@id":"https:\/\/www.newtree.com\/#website","url":"https:\/\/www.newtree.com\/","name":"Newtree","description":"Chocolat Belge, Bio, Fairtrade et Carbone Neutre","potentialAction":[{"@type":"SearchAction","target":{"@type":"EntryPoint","urlTemplate":"https:\/\/www.newtree.com\/?s={search_term_string}"},"query-input":{"@type":"PropertyValueSpecification","valueRequired":true,"valueName":"search_term_string"}}],"inLanguage":"en-US"}]}},"_links":{"self":[{"href":"https:\/\/www.newtree.com\/en\/wp-json\/wp\/v2\/pages\/20323","targetHints":{"allow":["GET"]}}],"collection":[{"href":"https:\/\/www.newtree.com\/en\/wp-json\/wp\/v2\/pages"}],"about":[{"href":"https:\/\/www.newtree.com\/en\/wp-json\/wp\/v2\/types\/page"}],"author":[{"embeddable":true,"href":"https:\/\/www.newtree.com\/en\/wp-json\/wp\/v2\/users\/1"}],"replies":[{"embeddable":true,"href":"https:\/\/www.newtree.com\/en\/wp-json\/wp\/v2\/comments?post=20323"}],"version-history":[{"count":9,"href":"https:\/\/www.newtree.com\/en\/wp-json\/wp\/v2\/pages\/20323\/revisions"}],"predecessor-version":[{"id":20507,"href":"https:\/\/www.newtree.com\/en\/wp-json\/wp\/v2\/pages\/20323\/revisions\/20507"}],"wp:featuredmedia":[{"embeddable":true,"href":"https:\/\/www.newtree.com\/en\/wp-json\/wp\/v2\/media\/20304"}],"wp:attachment":[{"href":"https:\/\/www.newtree.com\/en\/wp-json\/wp\/v2\/media?parent=20323"}],"curies":[{"name":"wp","href":"https:\/\/api.w.org\/{rel}","templated":true}]}}