{"id":20316,"date":"2025-02-16T13:19:07","date_gmt":"2025-02-16T12:19:07","guid":{"rendered":"https:\/\/www.newtree.com\/?page_id=20316"},"modified":"2025-02-23T18:44:30","modified_gmt":"2025-02-23T17:44:30","slug":"newtree-de-ideale-duurzame-koffieservice-voor-uw-bedrijf","status":"publish","type":"page","link":"https:\/\/www.newtree.com\/nl\/newtree-de-ideale-duurzame-koffieservice-voor-uw-bedrijf\/","title":{"rendered":"De ideale duurzame koffieservice voor uw bedrijf"},"content":{"rendered":"","protected":false},"excerpt":{"rendered":"","protected":false},"author":1,"featured_media":20303,"parent":0,"menu_order":0,"comment_status":"closed","ping_status":"closed","template":"template-entreprises.php","meta":{"_acf_changed":false,"inline_featured_image":false,"footnotes":""},"class_list":["post-20316","page","type-page","status-publish","has-post-thumbnail","hentry"],"acf":[],"yoast_head":"<!-- This site is optimized with the Yoast SEO plugin v25.1 - https:\/\/yoast.com\/wordpress\/plugins\/seo\/ -->\n<title>Newtree, de ideale duurzame koffieservice voor uw bedrijf<\/title>\n<meta name=\"description\" content=\"Sluit u aan bij bedrijven die kiezen voor uitzonderlijke en duurzame koffie! Newtree, meer dan koffie, een bewuste ervaring.\" \/>\n<meta name=\"robots\" content=\"index, follow, max-snippet:-1, max-image-preview:large, max-video-preview:-1\" \/>\n<link rel=\"canonical\" href=\"https:\/\/www.newtree.com\/cafe-en-entreprise\/\" \/>\n<meta property=\"og:locale\" content=\"nl_BE\" \/>\n<meta property=\"og:type\" content=\"article\" \/>\n<meta property=\"og:title\" content=\"Newtree, de ideale duurzame koffieservice voor uw bedrijf\" \/>\n<meta property=\"og:description\" content=\"Sluit u aan bij bedrijven die kiezen voor uitzonderlijke en duurzame koffie! Newtree, meer dan koffie, een bewuste ervaring.\" \/>\n<meta property=\"og:url\" content=\"https:\/\/www.newtree.com\/cafe-en-entreprise\/\" \/>\n<meta property=\"og:site_name\" content=\"Newtree\" \/>\n<meta property=\"article:publisher\" content=\"https:\/\/www.facebook.com\/NEWTREE\" \/>\n<meta property=\"article:modified_time\" content=\"2025-02-23T17:44:30+00:00\" \/>\n<meta property=\"og:image\" content=\"https:\/\/www.newtree.com\/app\/uploads\/2025\/02\/cafe-durable-au-bureau-newtree2.png\" \/>\n\t<meta property=\"og:image:width\" content=\"800\" \/>\n\t<meta property=\"og:image:height\" content=\"397\" \/>\n\t<meta property=\"og:image:type\" content=\"image\/png\" \/>\n<meta name=\"twitter:card\" content=\"summary_large_image\" \/>\n<meta name=\"twitter:title\" content=\"Newtree, de ideale duurzame koffieservice voor uw bedrijf\" \/>\n<meta name=\"twitter:description\" content=\"Sluit u aan bij bedrijven die kiezen voor uitzonderlijke en duurzame koffie! Newtree, meer dan koffie, een bewuste ervaring.\" \/>\n<meta name=\"twitter:image\" content=\"https:\/\/www.newtree.com\/app\/uploads\/2025\/02\/cafe-durable-au-bureau-newtree2.png\" \/>\n<meta name=\"twitter:site\" content=\"@newtreechocolat\" \/>\n<script type=\"application\/ld+json\" class=\"yoast-schema-graph\">{\"@context\":\"https:\/\/schema.org\",\"@graph\":[{\"@type\":\"WebPage\",\"@id\":\"https:\/\/www.newtree.com\/cafe-en-entreprise\/\",\"url\":\"https:\/\/www.newtree.com\/cafe-en-entreprise\/\",\"name\":\"Newtree, de ideale duurzame koffieservice voor uw bedrijf\",\"isPartOf\":{\"@id\":\"https:\/\/www.newtree.com\/#website\"},\"primaryImageOfPage\":{\"@id\":\"https:\/\/www.newtree.com\/cafe-en-entreprise\/#primaryimage\"},\"image\":{\"@id\":\"https:\/\/www.newtree.com\/cafe-en-entreprise\/#primaryimage\"},\"thumbnailUrl\":\"https:\/\/www.newtree.com\/app\/uploads\/2025\/02\/cafe-durable-au-bureau-newtree2.png\",\"datePublished\":\"2025-02-16T12:19:07+00:00\",\"dateModified\":\"2025-02-23T17:44:30+00:00\",\"description\":\"Sluit u aan bij bedrijven die kiezen voor uitzonderlijke en duurzame koffie! Newtree, meer dan koffie, een bewuste ervaring.\",\"breadcrumb\":{\"@id\":\"https:\/\/www.newtree.com\/cafe-en-entreprise\/#breadcrumb\"},\"inLanguage\":\"nl-BE\",\"potentialAction\":[{\"@type\":\"ReadAction\",\"target\":[\"https:\/\/www.newtree.com\/cafe-en-entreprise\/\"]}]},{\"@type\":\"ImageObject\",\"inLanguage\":\"nl-BE\",\"@id\":\"https:\/\/www.newtree.com\/cafe-en-entreprise\/#primaryimage\",\"url\":\"https:\/\/www.newtree.com\/app\/uploads\/2025\/02\/cafe-durable-au-bureau-newtree2.png\",\"contentUrl\":\"https:\/\/www.newtree.com\/app\/uploads\/2025\/02\/cafe-durable-au-bureau-newtree2.png\",\"width\":800,\"height\":397,\"caption\":\"Machine \u00e0 caf\u00e9 - demandez votre d\u00e9monstration Newtree\"},{\"@type\":\"BreadcrumbList\",\"@id\":\"https:\/\/www.newtree.com\/cafe-en-entreprise\/#breadcrumb\",\"itemListElement\":[{\"@type\":\"ListItem\",\"position\":1,\"name\":\"Accueil\",\"item\":\"https:\/\/www.newtree.com\/nl\/\"},{\"@type\":\"ListItem\",\"position\":2,\"name\":\"De ideale duurzame koffieservice voor uw bedrijf\"}]},{\"@type\":\"WebSite\",\"@id\":\"https:\/\/www.newtree.com\/#website\",\"url\":\"https:\/\/www.newtree.com\/\",\"name\":\"Newtree\",\"description\":\"Chocolat Belge, Bio, Fairtrade et Carbone Neutre\",\"potentialAction\":[{\"@type\":\"SearchAction\",\"target\":{\"@type\":\"EntryPoint\",\"urlTemplate\":\"https:\/\/www.newtree.com\/?s={search_term_string}\"},\"query-input\":{\"@type\":\"PropertyValueSpecification\",\"valueRequired\":true,\"valueName\":\"search_term_string\"}}],\"inLanguage\":\"nl-BE\"}]}<\/script>\n<!-- \/ Yoast SEO plugin. -->","yoast_head_json":{"title":"Newtree, de ideale duurzame koffieservice voor uw bedrijf","description":"Sluit u aan bij bedrijven die kiezen voor uitzonderlijke en duurzame koffie! Newtree, meer dan koffie, een bewuste ervaring.","robots":{"index":"index","follow":"follow","max-snippet":"max-snippet:-1","max-image-preview":"max-image-preview:large","max-video-preview":"max-video-preview:-1"},"canonical":"https:\/\/www.newtree.com\/cafe-en-entreprise\/","og_locale":"nl_BE","og_type":"article","og_title":"Newtree, de ideale duurzame koffieservice voor uw bedrijf","og_description":"Sluit u aan bij bedrijven die kiezen voor uitzonderlijke en duurzame koffie! Newtree, meer dan koffie, een bewuste ervaring.","og_url":"https:\/\/www.newtree.com\/cafe-en-entreprise\/","og_site_name":"Newtree","article_publisher":"https:\/\/www.facebook.com\/NEWTREE","article_modified_time":"2025-02-23T17:44:30+00:00","og_image":[{"width":800,"height":397,"url":"https:\/\/www.newtree.com\/app\/uploads\/2025\/02\/cafe-durable-au-bureau-newtree2.png","type":"image\/png"}],"twitter_card":"summary_large_image","twitter_title":"Newtree, de ideale duurzame koffieservice voor uw bedrijf","twitter_description":"Sluit u aan bij bedrijven die kiezen voor uitzonderlijke en duurzame koffie! Newtree, meer dan koffie, een bewuste ervaring.","twitter_image":"https:\/\/www.newtree.com\/app\/uploads\/2025\/02\/cafe-durable-au-bureau-newtree2.png","twitter_site":"@newtreechocolat","schema":{"@context":"https:\/\/schema.org","@graph":[{"@type":"WebPage","@id":"https:\/\/www.newtree.com\/cafe-en-entreprise\/","url":"https:\/\/www.newtree.com\/cafe-en-entreprise\/","name":"Newtree, de ideale duurzame koffieservice voor uw bedrijf","isPartOf":{"@id":"https:\/\/www.newtree.com\/#website"},"primaryImageOfPage":{"@id":"https:\/\/www.newtree.com\/cafe-en-entreprise\/#primaryimage"},"image":{"@id":"https:\/\/www.newtree.com\/cafe-en-entreprise\/#primaryimage"},"thumbnailUrl":"https:\/\/www.newtree.com\/app\/uploads\/2025\/02\/cafe-durable-au-bureau-newtree2.png","datePublished":"2025-02-16T12:19:07+00:00","dateModified":"2025-02-23T17:44:30+00:00","description":"Sluit u aan bij bedrijven die kiezen voor uitzonderlijke en duurzame koffie! Newtree, meer dan koffie, een bewuste ervaring.","breadcrumb":{"@id":"https:\/\/www.newtree.com\/cafe-en-entreprise\/#breadcrumb"},"inLanguage":"nl-BE","potentialAction":[{"@type":"ReadAction","target":["https:\/\/www.newtree.com\/cafe-en-entreprise\/"]}]},{"@type":"ImageObject","inLanguage":"nl-BE","@id":"https:\/\/www.newtree.com\/cafe-en-entreprise\/#primaryimage","url":"https:\/\/www.newtree.com\/app\/uploads\/2025\/02\/cafe-durable-au-bureau-newtree2.png","contentUrl":"https:\/\/www.newtree.com\/app\/uploads\/2025\/02\/cafe-durable-au-bureau-newtree2.png","width":800,"height":397,"caption":"Machine \u00e0 caf\u00e9 - demandez votre d\u00e9monstration Newtree"},{"@type":"BreadcrumbList","@id":"https:\/\/www.newtree.com\/cafe-en-entreprise\/#breadcrumb","itemListElement":[{"@type":"ListItem","position":1,"name":"Accueil","item":"https:\/\/www.newtree.com\/nl\/"},{"@type":"ListItem","position":2,"name":"De ideale duurzame koffieservice voor uw bedrijf"}]},{"@type":"WebSite","@id":"https:\/\/www.newtree.com\/#website","url":"https:\/\/www.newtree.com\/","name":"Newtree","description":"Chocolat Belge, Bio, Fairtrade et Carbone Neutre","potentialAction":[{"@type":"SearchAction","target":{"@type":"EntryPoint","urlTemplate":"https:\/\/www.newtree.com\/?s={search_term_string}"},"query-input":{"@type":"PropertyValueSpecification","valueRequired":true,"valueName":"search_term_string"}}],"inLanguage":"nl-BE"}]}},"_links":{"self":[{"href":"https:\/\/www.newtree.com\/nl\/wp-json\/wp\/v2\/pages\/20316","targetHints":{"allow":["GET"]}}],"collection":[{"href":"https:\/\/www.newtree.com\/nl\/wp-json\/wp\/v2\/pages"}],"about":[{"href":"https:\/\/www.newtree.com\/nl\/wp-json\/wp\/v2\/types\/page"}],"author":[{"embeddable":true,"href":"https:\/\/www.newtree.com\/nl\/wp-json\/wp\/v2\/users\/1"}],"replies":[{"embeddable":true,"href":"https:\/\/www.newtree.com\/nl\/wp-json\/wp\/v2\/comments?post=20316"}],"version-history":[{"count":10,"href":"https:\/\/www.newtree.com\/nl\/wp-json\/wp\/v2\/pages\/20316\/revisions"}],"predecessor-version":[{"id":20506,"href":"https:\/\/www.newtree.com\/nl\/wp-json\/wp\/v2\/pages\/20316\/revisions\/20506"}],"wp:featuredmedia":[{"embeddable":true,"href":"https:\/\/www.newtree.com\/nl\/wp-json\/wp\/v2\/media\/20303"}],"wp:attachment":[{"href":"https:\/\/www.newtree.com\/nl\/wp-json\/wp\/v2\/media?parent=20316"}],"curies":[{"name":"wp","href":"https:\/\/api.w.org\/{rel}","templated":true}]}}