{"id":7931,"date":"2018-12-03T11:54:49","date_gmt":"2018-12-03T10:54:49","guid":{"rendered":"https:\/\/www.newtree.com\/investisseurs\/"},"modified":"2019-11-07T09:53:26","modified_gmt":"2019-11-07T08:53:26","slug":"investeerders","status":"publish","type":"page","link":"https:\/\/www.newtree.com\/nl\/investeerders\/","title":{"rendered":"Investeerders"},"content":{"rendered":"<h2>Corporate Governance<\/h2>\n<p>En tant que soci\u00e9t\u00e9 cot\u00e9e sur le march\u00e9 libre, NEWTREE a mis en place des principes cl\u00e9s de gouvernance d\u2019entreprise. Gr\u00e2ce \u00e0 la solidit\u00e9 de sa gestion, \u00e0 son conseil d\u2019administration d\u00e9vou\u00e9 et \u00e0 ses employ\u00e9s passionn\u00e9s, NEWTREE a mis les \u00e9l\u00e9ments en place pour atteindre ses objectifs : efficacit\u00e9 et essor de la marque.<\/p>\n<p>Une bonne gouvernance d\u2019entreprise passe par une s\u00e9rie de contr\u00f4les ad\u00e9quats et une bonne gestion des risques au quotidien. L\u2019\u00e9quipe NEWTREE s\u2019efforce d\u2019analyser chaque jour ses d\u00e9cisions et leurs cons\u00e9quences.<\/p>\n<h2>Conseil d&#8217;administration<\/h2>\n<p class=\"p1\"><span class=\"s1\">Engag\u00e9 \u00e0 savourer les tr\u00e9sors de la vie, notre Conseil est constitu\u00e9 d\u2019un groupe de directeurs ex\u00e9cutifs passionn\u00e9s et d\u2019administrateurs<\/span><\/p>\n<p class=\"p1\"><span class=\"s1\">ind\u00e9pendants. Cette \u00e9quipe offre une large expertise dans les domaines du marketing, de la finance, de l\u2019entreprenariat et du commerce.<\/span><\/p>\n<h2>Administrateurs ex\u00e9cutifs<\/h2>\n<p>Beno\u00eet DE BRUYN<br \/>\nUdaiyan JATAR<\/p>\n<h2>Administrateurs non ex\u00e9cutifs et ind\u00e9pendants<\/h2>\n<p class=\"p1\"><span class=\"s1\">Thibaud DE SAINT-QUENTIN<br \/>\n<\/span><span class=\"s1\">Pascal HOUSSIN<br \/>\n<\/span><span class=\"s1\">Raymond VAXELAIRE<br \/>\n<\/span><span class=\"s1\">Michael BAUM<\/span><\/p>\n<h2>Log Book<\/h2>\n<p class=\"p1\"><span class=\"s1\">Company Name: NEWTREE<br \/>\n<\/span><span class=\"s1\">Legal Form: SA<br \/>\n<\/span><span class=\"s1\">Registered Address: Bd. du Souverain 68\/2<br \/>\n<\/span><span class=\"s1\">1170 Brussels<br \/>\n<\/span><span class=\"s1\">Date of Formation: March 29, 2001<br \/>\n<\/span><span class=\"s1\">Nationality: Belgian<br \/>\n<\/span><span class=\"s1\">Company Capital: 6.074.914 \u20ac<br \/>\n<\/span><span class=\"s1\">Financial Period: January 1 &#8211; December 31<br \/>\n<\/span><span class=\"s1\">Quotation Market: EURONEXT Brussels, Free Market<br \/>\n<\/span><span class=\"s1\">Number of Shares: 1.319.832<br \/>\n<\/span><span class=\"s1\">ISIN Code: BE0003832491<\/span><\/p>\n<h2>Contactez-nous<\/h2>\n<p>Shareholders: <a href=\"mailto:shareholder@newtree.be\">shareholder@newtree.be<\/a><br \/>\nInvestor Inquiries: <a href=\"mailto:investor@newtree.be\">investor@newtree.be<\/a><\/p>\n","protected":false},"excerpt":{"rendered":"<p>Corporate Governance En tant que soci\u00e9t\u00e9 cot\u00e9e sur le march\u00e9 libre, NEWTREE a mis en place des principes cl\u00e9s de gouvernance d\u2019entreprise. Gr\u00e2ce \u00e0 la solidit\u00e9 de sa gestion, \u00e0 son conseil d\u2019administration d\u00e9vou\u00e9 et \u00e0 ses employ\u00e9s passionn\u00e9s, NEWTREE a mis les \u00e9l\u00e9ments en place pour atteindre ses objectifs : efficacit\u00e9 et essor de [&hellip;]<\/p>\n","protected":false},"author":1,"featured_media":3824,"parent":0,"menu_order":0,"comment_status":"closed","ping_status":"closed","template":"template-archive.php","meta":{"_acf_changed":false,"inline_featured_image":false,"footnotes":""},"class_list":["post-7931","page","type-page","status-publish","has-post-thumbnail","hentry"],"acf":[],"yoast_head":"<!-- This site is optimized with the Yoast SEO plugin v25.1 - https:\/\/yoast.com\/wordpress\/plugins\/seo\/ -->\n<title>Investeerders - Newtree<\/title>\n<meta name=\"robots\" content=\"index, follow, max-snippet:-1, max-image-preview:large, max-video-preview:-1\" \/>\n<link rel=\"canonical\" href=\"https:\/\/www.newtree.com\/investisseurs\/\" \/>\n<meta property=\"og:locale\" content=\"nl_BE\" \/>\n<meta property=\"og:type\" content=\"article\" \/>\n<meta property=\"og:title\" content=\"Investeerders - Newtree\" \/>\n<meta property=\"og:description\" content=\"Corporate Governance En tant que soci\u00e9t\u00e9 cot\u00e9e sur le march\u00e9 libre, NEWTREE a mis en place des principes cl\u00e9s de gouvernance d\u2019entreprise. Gr\u00e2ce \u00e0 la solidit\u00e9 de sa gestion, \u00e0 son conseil d\u2019administration d\u00e9vou\u00e9 et \u00e0 ses employ\u00e9s passionn\u00e9s, NEWTREE a mis les \u00e9l\u00e9ments en place pour atteindre ses objectifs : efficacit\u00e9 et essor de [&hellip;]\" \/>\n<meta property=\"og:url\" content=\"https:\/\/www.newtree.com\/investisseurs\/\" \/>\n<meta property=\"og:site_name\" content=\"Newtree\" \/>\n<meta property=\"article:publisher\" content=\"https:\/\/www.facebook.com\/NEWTREE\" \/>\n<meta property=\"article:modified_time\" content=\"2019-11-07T08:53:26+00:00\" \/>\n<meta property=\"og:image\" content=\"https:\/\/www.newtree.com\/app\/uploads\/2019\/07\/Banni\u00e8re-Canopy-V2.jpg\" \/>\n\t<meta property=\"og:image:width\" content=\"1920\" \/>\n\t<meta property=\"og:image:height\" content=\"801\" \/>\n\t<meta property=\"og:image:type\" content=\"image\/jpeg\" \/>\n<meta name=\"twitter:card\" content=\"summary_large_image\" \/>\n<meta name=\"twitter:site\" content=\"@newtreechocolat\" \/>\n<meta name=\"twitter:label1\" content=\"Est. reading time\" \/>\n\t<meta name=\"twitter:data1\" content=\"1 minute\" \/>\n<script type=\"application\/ld+json\" class=\"yoast-schema-graph\">{\"@context\":\"https:\/\/schema.org\",\"@graph\":[{\"@type\":\"WebPage\",\"@id\":\"https:\/\/www.newtree.com\/investisseurs\/\",\"url\":\"https:\/\/www.newtree.com\/investisseurs\/\",\"name\":\"Investeerders - Newtree\",\"isPartOf\":{\"@id\":\"https:\/\/www.newtree.com\/#website\"},\"primaryImageOfPage\":{\"@id\":\"https:\/\/www.newtree.com\/investisseurs\/#primaryimage\"},\"image\":{\"@id\":\"https:\/\/www.newtree.com\/investisseurs\/#primaryimage\"},\"thumbnailUrl\":\"https:\/\/www.newtree.com\/app\/uploads\/2019\/07\/Banni\u00e8re-Canopy-V2.jpg\",\"datePublished\":\"2018-12-03T10:54:49+00:00\",\"dateModified\":\"2019-11-07T08:53:26+00:00\",\"breadcrumb\":{\"@id\":\"https:\/\/www.newtree.com\/investisseurs\/#breadcrumb\"},\"inLanguage\":\"nl-BE\",\"potentialAction\":[{\"@type\":\"ReadAction\",\"target\":[\"https:\/\/www.newtree.com\/investisseurs\/\"]}]},{\"@type\":\"ImageObject\",\"inLanguage\":\"nl-BE\",\"@id\":\"https:\/\/www.newtree.com\/investisseurs\/#primaryimage\",\"url\":\"https:\/\/www.newtree.com\/app\/uploads\/2019\/07\/Banni\u00e8re-Canopy-V2.jpg\",\"contentUrl\":\"https:\/\/www.newtree.com\/app\/uploads\/2019\/07\/Banni\u00e8re-Canopy-V2.jpg\",\"width\":1920,\"height\":801},{\"@type\":\"BreadcrumbList\",\"@id\":\"https:\/\/www.newtree.com\/investisseurs\/#breadcrumb\",\"itemListElement\":[{\"@type\":\"ListItem\",\"position\":1,\"name\":\"Accueil\",\"item\":\"https:\/\/www.newtree.com\/nl\/\"},{\"@type\":\"ListItem\",\"position\":2,\"name\":\"Investeerders\"}]},{\"@type\":\"WebSite\",\"@id\":\"https:\/\/www.newtree.com\/#website\",\"url\":\"https:\/\/www.newtree.com\/\",\"name\":\"Newtree\",\"description\":\"Chocolat Belge, Bio, Fairtrade et Carbone Neutre\",\"potentialAction\":[{\"@type\":\"SearchAction\",\"target\":{\"@type\":\"EntryPoint\",\"urlTemplate\":\"https:\/\/www.newtree.com\/?s={search_term_string}\"},\"query-input\":{\"@type\":\"PropertyValueSpecification\",\"valueRequired\":true,\"valueName\":\"search_term_string\"}}],\"inLanguage\":\"nl-BE\"}]}<\/script>\n<!-- \/ Yoast SEO plugin. -->","yoast_head_json":{"title":"Investeerders - Newtree","robots":{"index":"index","follow":"follow","max-snippet":"max-snippet:-1","max-image-preview":"max-image-preview:large","max-video-preview":"max-video-preview:-1"},"canonical":"https:\/\/www.newtree.com\/investisseurs\/","og_locale":"nl_BE","og_type":"article","og_title":"Investeerders - Newtree","og_description":"Corporate Governance En tant que soci\u00e9t\u00e9 cot\u00e9e sur le march\u00e9 libre, NEWTREE a mis en place des principes cl\u00e9s de gouvernance d\u2019entreprise. Gr\u00e2ce \u00e0 la solidit\u00e9 de sa gestion, \u00e0 son conseil d\u2019administration d\u00e9vou\u00e9 et \u00e0 ses employ\u00e9s passionn\u00e9s, NEWTREE a mis les \u00e9l\u00e9ments en place pour atteindre ses objectifs : efficacit\u00e9 et essor de [&hellip;]","og_url":"https:\/\/www.newtree.com\/investisseurs\/","og_site_name":"Newtree","article_publisher":"https:\/\/www.facebook.com\/NEWTREE","article_modified_time":"2019-11-07T08:53:26+00:00","og_image":[{"width":1920,"height":801,"url":"https:\/\/www.newtree.com\/app\/uploads\/2019\/07\/Banni\u00e8re-Canopy-V2.jpg","type":"image\/jpeg"}],"twitter_card":"summary_large_image","twitter_site":"@newtreechocolat","twitter_misc":{"Est. reading time":"1 minute"},"schema":{"@context":"https:\/\/schema.org","@graph":[{"@type":"WebPage","@id":"https:\/\/www.newtree.com\/investisseurs\/","url":"https:\/\/www.newtree.com\/investisseurs\/","name":"Investeerders - Newtree","isPartOf":{"@id":"https:\/\/www.newtree.com\/#website"},"primaryImageOfPage":{"@id":"https:\/\/www.newtree.com\/investisseurs\/#primaryimage"},"image":{"@id":"https:\/\/www.newtree.com\/investisseurs\/#primaryimage"},"thumbnailUrl":"https:\/\/www.newtree.com\/app\/uploads\/2019\/07\/Banni\u00e8re-Canopy-V2.jpg","datePublished":"2018-12-03T10:54:49+00:00","dateModified":"2019-11-07T08:53:26+00:00","breadcrumb":{"@id":"https:\/\/www.newtree.com\/investisseurs\/#breadcrumb"},"inLanguage":"nl-BE","potentialAction":[{"@type":"ReadAction","target":["https:\/\/www.newtree.com\/investisseurs\/"]}]},{"@type":"ImageObject","inLanguage":"nl-BE","@id":"https:\/\/www.newtree.com\/investisseurs\/#primaryimage","url":"https:\/\/www.newtree.com\/app\/uploads\/2019\/07\/Banni\u00e8re-Canopy-V2.jpg","contentUrl":"https:\/\/www.newtree.com\/app\/uploads\/2019\/07\/Banni\u00e8re-Canopy-V2.jpg","width":1920,"height":801},{"@type":"BreadcrumbList","@id":"https:\/\/www.newtree.com\/investisseurs\/#breadcrumb","itemListElement":[{"@type":"ListItem","position":1,"name":"Accueil","item":"https:\/\/www.newtree.com\/nl\/"},{"@type":"ListItem","position":2,"name":"Investeerders"}]},{"@type":"WebSite","@id":"https:\/\/www.newtree.com\/#website","url":"https:\/\/www.newtree.com\/","name":"Newtree","description":"Chocolat Belge, Bio, Fairtrade et Carbone Neutre","potentialAction":[{"@type":"SearchAction","target":{"@type":"EntryPoint","urlTemplate":"https:\/\/www.newtree.com\/?s={search_term_string}"},"query-input":{"@type":"PropertyValueSpecification","valueRequired":true,"valueName":"search_term_string"}}],"inLanguage":"nl-BE"}]}},"_links":{"self":[{"href":"https:\/\/www.newtree.com\/nl\/wp-json\/wp\/v2\/pages\/7931","targetHints":{"allow":["GET"]}}],"collection":[{"href":"https:\/\/www.newtree.com\/nl\/wp-json\/wp\/v2\/pages"}],"about":[{"href":"https:\/\/www.newtree.com\/nl\/wp-json\/wp\/v2\/types\/page"}],"author":[{"embeddable":true,"href":"https:\/\/www.newtree.com\/nl\/wp-json\/wp\/v2\/users\/1"}],"replies":[{"embeddable":true,"href":"https:\/\/www.newtree.com\/nl\/wp-json\/wp\/v2\/comments?post=7931"}],"version-history":[{"count":2,"href":"https:\/\/www.newtree.com\/nl\/wp-json\/wp\/v2\/pages\/7931\/revisions"}],"predecessor-version":[{"id":7935,"href":"https:\/\/www.newtree.com\/nl\/wp-json\/wp\/v2\/pages\/7931\/revisions\/7935"}],"wp:featuredmedia":[{"embeddable":true,"href":"https:\/\/www.newtree.com\/nl\/wp-json\/wp\/v2\/media\/3824"}],"wp:attachment":[{"href":"https:\/\/www.newtree.com\/nl\/wp-json\/wp\/v2\/media?parent=7931"}],"curies":[{"name":"wp","href":"https:\/\/api.w.org\/{rel}","templated":true}]}}